{"id":2491,"date":"2019-05-14T20:53:58","date_gmt":"2019-05-14T18:53:58","guid":{"rendered":"https:\/\/www.stilitalylab.it\/cookie-policy\/"},"modified":"2019-05-14T20:55:18","modified_gmt":"2019-05-14T18:55:18","slug":"cookie-policy","status":"publish","type":"page","link":"https:\/\/www.stilitalylab.it\/en\/cookie-policy\/","title":{"rendered":"Cookie Policy"},"content":{"rendered":"<h4><strong>Cookie Policy<\/strong><\/h4>\n<p>(versione 1.0 del 24 Aprile 2018)<\/p>\n<p>Gentile Visitatore\/Visitatrice<br \/>\nQuesto sito Internet https:\/\/www.stilitalylab.it\/ \u00e8 di propriet\u00e0 di StilItaly Lab con sede legale in Via Correggio, 41<br \/>\n20149 Milano (MI) P.IVA 10325400967.<br \/>\nPoich\u00e9 sul nostro Sito sono utilizzati dei c.d. cookie per diverse finalit\u00e0, con questa informativa vogliamo spiegarti cosa sono i cookie e come vengono utilizzati sul Sito.<br \/>\nAlcuni cookie (c.d. cookie propri o di prima parte) sono veicolati e controllati direttamente da noi. Attraverso questi cookie, la Societ\u00e0 raccoglie e tratta alcuni dati personali che ti riguardano. In questa informativa, anche ai sensi dell\u2019art . 13 del D.Lgs. 196 del 30 giugno 2003 (il \u201cCodice Privacy\u201d) e ai sensi dell\u2019art. 13 del Regolamento UE 2016\/679 del 27 aprile 2016 relativo alla protezione delle persone fisiche con riguardo al trattamento dei dati personali (di seguito, \u201cRegolamento\u201d, il Regolamento e il Codice Privacy sono insieme definiti \u201cNormativa Applicabile\u201d), ti spieghiamo come raccogliamo questi dati, per quali finalit\u00e0 e quali sono i tuoi diritti.\u2028Altri cookie (c.d. cookie di terze parti), sono, invece, veicolati e controllati da soggetti terzi. Su questa informativa troverai dei link alle informative pubblicate da questi soggetti terzi, che ti preghiamo di leggere con attenzione.<\/p>\n<p><strong>\u2028A. Cosa sono i cookie ed a cosa servono<\/strong><\/p>\n<p>I cookie sono piccoli file di testo che i siti visitati dall\u2019utente inviano direttamente al suo terminale (solitamente al\u00a0 browser), dove vengono memorizzati per essere poi ritrasmessi agli stessi siti alla successiva visita del medesimo utente (c.d. cookie propri di prima parte). Nel corso della navigazione su un sito, l\u2019utente pu\u00f2 ricevere sul suo terminale anche cookie di siti o di web server diversi (c.d. cookie di terze parti); ci\u00f2 accade perch\u00e9 sul sito web visitato possono essere presenti elementi come, ad esempio, immagini, mappe, suoni, specifici link a pagine web di altri domini che risiedono su server diversi da quello sul quale si trova la pagina richiesta. In altre parole, sono quei cookie che vengono impostati da un sito web diverso da quello che si sta attualmente visitando.<\/p>\n<p>I cookie possono avere una durata limitata ad una singola sessione di navigazione sul browser (c.d. cookie di sessione), ed in tal caso si disattivano automaticamente al momento della chiusura del browser da parte dell\u2019utente; oppure possono avere una scadenza predeterminata e, in tal caso, rimarranno memorizzati ed attivi nel tuo hard disk fino a tale data di scadenza, continuando a raccogliere informazioni nel corso di differenti sessioni di navigazione sul browser (c.d. cookie permanenti).<\/p>\n<p>I cookie sono utilizzati per diverse funzioni. Alcuni sono necessari per consentirti di navigare sul\u00a0 Sito e usufruire delle sue funzionalit\u00e0 (c.d. cookie tecnici). Altri sono utilizzati per ottenere informazioni statistiche, in forma aggregata o non, sul numero degli utenti che accedono al Sito e su come il Sito viene utilizzato (c.d. cookie di monitoraggio o analytics). Altri, infine, sono utilizzati per tracciare un tuo profilo di consumatore e farti visualizzare annunci pubblicitari sul Sito che possano essere per te interessanti, in quanto coerenti con i tuoi gusti e le tue abitudini di consumo (c.d. cookie di profilazione).<\/p>\n<p>Per conoscere pi\u00f9 in dettaglio queste diverse categorie di cookie continua a leggere questa informativa. Scopri come funzionano ed a cosa servono, e scegli liberamente se acconsentire al loro utilizzo o impedirlo.<\/p>\n<p><strong>\u2028B. I cookie tecnici<\/strong><\/p>\n<p>I cookie tecnici sono utilizzati sul Sito al solo fine di rendere possibile la tua navigazione sul Sito e consentirti di utilizzarne le funzionalit\u00e0. Si tratta sempre di cookie di prima parte, in quanto sono veicolati direttamente da noi sul Sito.<\/p>\n<p>Alcuni cookie tecnici sono indispensabili per\u00a0 offrirti un\u2019ottimale esperienza di navigazione o per consentirti di autenticarti sul sito, ad esempio per realizzare un acquisto sul Sito o entrare nella tua area riservata\u00a0 (c.d. cookie di navigazione). I cookie di navigazione sono normalmente cookie di sessione e, pertanto, una volta chiuso il browser di navigazione, vengono di disattivati automaticamente.<\/p>\n<p>Altri cookie tecnici sono utili per consentirti di memorizzare alcune tue preferenze (ad esempio, la lingua o il paese di provenienza) senza doverle reimpostare nel corso delle visite successive (c.d. cookie di funzionalit\u00e0). Per questo motivo, i cookie di funzionalit\u00e0 sono spesso cookie persistenti, in quanto rimangono memorizzati nel tuo computer anche dopo la chiusura del browser di navigazione, fino alla data di scadenza per essi prevista o fino a quando tu abbia deciso di eliminarli.<\/p>\n<p>Sul Sito sono attualmente utilizzati i seguenti cookie tecnici:<\/p>\n<p>Nome dei Cookie: 1P_JAR, CONSENT, cookie_notice_accepted, wordpress_sec_0565511ee092cd9fe7a81739153e1500, wordpress_test_cookie, wp-settings-1, wp-settings-2, wp-settings-time-1, wp-settings-time-2<br \/>\nCategoria del cookie: cookie tecnico di prima parte, di navigazione, di sessione, di funzionalit\u00e0<br \/>\nFunzione del cookie: funzionamento del sito<\/p>\n<p>Come previsto dalla normativa vigente in materia di privacy, per l\u2019installazione di tali cookie non \u00e8 richiesto il tuo preventivo consenso. Naturalmente sei libero di bloccare l\u2019installazione dei cookie tecnici , modificando le impostazioni del tuo browser (leggi il paragrafo E, n. 1 per sapere come fare). Considera, tuttavia, che, bloccando l\u2019installazione dei cookie tecnici, o successivamente eliminando gli stessi, la possibilit\u00e0 di accedere al Sito, di usufruire in tutto o in parte dello stesso, di abilitare o disabilitare determinate funzioni o di ricevere determinati servizi potrebbe essere in tutto o in parte compromessa.<\/p>\n<p><strong>\u2028C. I cookie di monitoraggio o \u201canalytics\u201d<\/strong><\/p>\n<p>I cookie analytics sono utilizzati sul Sito per raccogliere informazioni\u00a0 statistiche, in forma aggregata o non, sul numero degli utenti che accedono al Sito e su come questi visitano il Sito stesso.<br \/>\nI cookie analytics di questo Sito sono cookie di terze parti, poich\u00e9 non vengono direttamente veicolati da noi ma da soggetti terzi. Non sono, quindi, installati direttamente dalla Societ\u00e0 ma da soggetti terzi.<br \/>\nI seguenti cookies analytics di terza parte sono installati sul Sito sol o con il tuo previo consenso preventivo, perch\u00e9 essi\u00a0 non sono anonimizzati, potendo le terze parti accedere a dati disaggregati di analytics a livello di indirizzo IP (in altre parole, utilizzando questi cookie, i soggetti terzi potrebbero teoricamente risalire alla tua identit\u00e0 attraverso l\u2019indirizzo IP):<\/p>\n<p>Nome del Cookie: Google Analytics<br \/>\nCategoria del cookie: cookie analytics di terza parte; permanente;<br \/>\nLink all\u2019informativa \/ Istruzioni sull\u2019opt-out: https:\/\/www.google.com\/analytics\/learn\/privacy.html?hl=it<\/p>\n<p>Per questo motivo, quando accedi al Sito viene visualizzato in evidenza un apposito banner, che ti informa che (i) sul Sito sono utilizzati dei cookie analytics di terze parti e che (ii) chiudendo il banner, scorrendo l\u2019home page o cliccando qualunque elemento dell\u2019home page al di fuori del banner, si acconsente all\u2019uso dei cookie. Qualora tu dovessi esprimere il tuo consenso all\u2019installazione dei cookie con questa modalit\u00e0, terremo traccia del tuo consenso attraverso un apposito cookie tecnico. In questo modo, eviteremo di farti visualizzare il banner sui cookie nel corso delle tue successive visite al\u00a0 Sito. Ti preghiamo di considerare che, qualora tu dovessi eliminare questo cookie tecnico dal tuo browser con le modalit\u00e0 di cui al successivo paragrafo E, n. 1), la traccia del tuo consenso verrebbe persa e, pertanto, nel corso della tua successiva visita al Sito il banner sui cookie sar\u00e0 visualizzato nuovamente.<\/p>\n<p>Naturalmente sei libero di bloccare l\u2019installazione dei cookie analytics in qualsiasi momento, senza che la possibilit\u00e0 di visitare il Sito e fruire dei suoi contenuti sia in qualsiasi modo compromessa. Per sapere come fare, leggi attentamente le informative sui cookie delle terze parti seguendo i link riportati nella tabella qui sopra.<\/p>\n<p><strong>\u2028D. I cookie di profilazione<\/strong><\/p>\n<p>I cookie di profilazione sono utilizzati per creare un tuo profilo di utente, basato sulle preferenze ed i gusti da te manifestati durante la navigazione su Internet, e farti visualizzare messaggi pubblicitari coerenti con il tuo profilo. In\u00a0 questo modo i messaggi pubblicitari che visualizzerai sul nostro Sito potranno essere per te maggiormente interessanti.<\/p>\n<p>Come previsto dalla normativa vigente in materia di privacy, per l\u2019installazione di tali cookie \u00e8 richiesto il tuo preventivo consenso. Per questo motivo, quando accedi al Sito viene visualizzato in evidenza un apposito banner, che ti informa che (i) sul Sito sono utilizzati dei cookie di profilazione e che (ii) chiudendo il banner, scorrendo l\u2019home page o cliccando qualunque elemento dell\u2019home page al di fuori del banner, si acconsente all\u2019uso dei cookie. Qualora tu dovessi esprimere il tuo consenso all\u2019installazione dei cookie con questa modalit\u00e0, terre mo traccia del tuo consenso attraverso un apposito cookie tecnico. In questo modo, eviteremo di farti visualizzare il banner sui cookie nel corso delle tue successive visite al\u00a0 Sito. Ti preghiamo di considerare che, qualora tu dovessi eliminare questo cookie tecnico dal tuo browser con le modalit\u00e0 di cui al successivo paragrafo E, n. 1, la traccia del tuo consenso verrebbe persa e, pertanto, nel corso della tua successiva\u00a0 visita al Sito il banner sui cookie sar\u00e0 visualizzato nuovamente.<\/p>\n<p>Naturalmente sei libero di bloccare l\u2019installazione dei cookie di profilazione in qualsiasi momento, senza che la possibilit\u00e0 di visitare il Sito e fruire dei suoi contenuti sia in qualsiasi modo compromessa. Se decidi di disattivare la pubblicit\u00e0 comportamentale non significa che non riceverai pi\u00f9 pubblicit\u00e0 sul Sito. Tuttavia, i banner che visualizzerai sul Sito\u00a0 potrebbero non rispecchiare i tuoi interessi o le tue preferenze sul browser che stai attualmente utilizzando.<\/p>\n<p>I cookie di profilazione sono installati da soggetti terzi, che agiscono in qualit\u00e0 di autonomi titolari del trattamento (cookie di terze parti). Ecco un elenco dei cookie di profilazione di terze parti attualmente utilizzati sul Sito, con l\u2019indicazione del link alle pagine informative create dai loro sviluppatori:<\/p>\n<p>Nome del Cookie : Facebook;<br \/>\nCategoria del cookie: cookie di profilazione di terza\u00a0 parte; permanente;<br \/>\nLink all\u2019informativa : https:\/\/www.facebook.com\/about\/privacy\/<br \/>\nE. Come gestire i cookie ed opporti al loro utilizzo<br \/>\nCi sono diverse opzioni per gestire, disabilitare e cancellare i cookie.<\/p>\n<p>Cambia le impostazioni del tuo browser<\/p>\n<p>Segui le istruzioni fornite dal produttore del browser che utilizzi per scoprire come gestire, disabilitare o cancellare tutti i\u00a0 cookie (tecnici, analytics e di profilazione):<\/p>\n<p>Explorer: https:\/\/support.microsoft.com\/en-us\/kb\/196955\/it<br \/>\nChrome: https:\/\/support.google.com\/chrome\/answer\/95647?hl=it<br \/>\nFirefox: https:\/\/support.mozilla.org\/it\/kb\/Attivare%20e%20disattivare%20i%20cookie<br \/>\nSafari: https:\/\/support.apple.com\/kb\/PH17191?locale=it_IT<br \/>\nOpera: http:\/\/help.opera.com\/Windows\/10.00\/it\/cookies.html<\/p>\n<p>Fai le tue scelte con attenzione. Bloccando indiscriminatamente la ricezione di tutti i cookie, inclusi quelli tecnici, senza prevedere una specifica eccezione per il Sito, potresti , infatti, non essere pi\u00f9 in grado di navigare sul Sito o di usufruire in tutto o in parte delle sue funzionalit\u00e0. Inoltre, cancellando tutti i cookie dal browser, anche i cookie tecnici potrebbero\u00a0 essere rimossi e, pertanto, potresti rimuovere le preferenze che hai impostato utilizzando il Sito\u00a0 o non ritrovare pi\u00f9 i prodotti o servizi inseriti nel tuo carrello.<br \/>\n(2) Utilizza gli strumenti interattivi forniti dalle terze parti<\/p>\n<p>Per disabilitare i cookie di terze parti, consulta le informative privacy dei terzi che installano cookie analytics (vedi il precedente paragrafo C) o cookie di profilazione (vedi il precedente paragrafo D) per conoscere gli altri strumenti a tua disposizione per gestire, disabilitare e cancellare i cookie , e pi\u00f9 in generale per opporti al loro utilizzo. Ricordati che, disabilitando i cookie di terze parti, (i) ti opponi al loro utilizzo non soltanto sul Sito ma su tutti i siti Internet su cui tali\u00a0 cookie sono utilizzati e (ii) la possibilit\u00e0 di navigare sul Sito ed utilizzarne le funzionalit\u00e0 non sar\u00e0 in alcun modo pregiudicata. Quando disabiliti i cookie di terze parti visualizzerai comunque il banner nell\u2019home page sul Sito relativo ai cookie; in questo caso, per\u00f2, chiudendo il banner, scorrendo l\u2019 home page o cliccando qualunque elemento dell\u2019home page al di fuori del banner, non riceverai nessun cookie di terza par te che hai correttamente disabilitato.<\/p>\n<p>(3) Utilizza il sito Internet www.youronlinechoices.eu\/it\/<\/p>\n<p>Your Online Choices \u00e8 un sito Internet gestito dall\u2019associazione non -profit European Interactive Digital Advertising Alliance (EDAA), la cui versione in lingua italiana \u00e8 raggiungibile all\u2019indirizzo www.youronlinechoices.eu\/it\/, che fornisce informazioni sulla pubblicit\u00e0 comportamentale basata sui cookie di profilazione (http:\/\/www.youronlinechoices.com\/it\/a-proposito) e consente agli utenti di Internet di opporsi facilmente (opt -out) all\u2019installazione dei principali cookie di profilazione installati dagli operatori pubblicitari ed utilizzati su siti Internet (http:\/\/www.youronlinechoices.com\/it\/le-tue-scelte).\u2028Prima di utilizzare questo strumento, ti consigliamo di leggere attentamente le\u00a0 condizioni generali di servizio del sito Your Online Choices (http:\/\/www.youronlinechoices.com\/it\/condizioni-generali-di-servizio), le domande frequenti (FAQ) (http:\/\/www.youronlinechoices.com\/it\/faqs) e la guida per l\u2019utente (http:\/\/www.youronlinechoices.com\/it\/help).<\/p>\n<p>Utilizza consapevolmente Your Online Choices. Sebbene, infatti, Your Online Choices riunisca molte delle pi\u00f9 importanti societ\u00e0 del mondo pubblicitario che utilizzano cookie, alcune delle terze parti che installano cookie attraverso il Sito potrebbero non aver aderito a Your Online Cho ices. Pertanto, l\u2019utilizzo di Your Online Choices non garantisce che\u00a0 si riceveranno cookie di terze parti navigando sul Sito.\u2028Ricordati, inoltre, che eliminando tutti i cookie dal proprio browser, anche i cookie tecnici rilasciati da Your Online Choices per ricordare le tue scelte potrebbero essere eliminati,\u00a0 rendendo nuovamente attivi i cookie di terze parti.<\/p>\n<p><strong>\u2028F. Come posso disabilitare i cookies?<\/strong><\/p>\n<p>La maggior parte dei browser accettano i cookies automaticamente, ma potete anche scegliere di non accettarli. Se non desideri che il tuo computer riceva e memorizzi cookies, puoi modificare le impostazioni di sicurezza del browser (Internet Explorer, Google Chrome, Mozilla Firefox, Safari ecc\u2026). Esistono diversi modi per gestire i cookie e altre tecnologie di tracciabilit\u00e0. Modificando le impostazioni del browser, si pu\u00f2 accettare o rifiutare i cookie o decidere di ricevere un messaggio di avviso prima di accettare un cookie dai siti Web visitati. Si possono eliminare tutti i cookie installati nella cartella dei cookie del suo browser. Ciascun browser presenta procedure diverse per la gestione delle impostazioni.<\/p>\n<p>Fate clic su uno dei collegamenti sottostanti per ottenere istruzioni specifiche:<\/p>\n<p>Microsoft Internet Explorer\u2028: Cliccare l\u2019icona \u2018Strumenti\u2019 nell\u2019angolo in alto a destra e selezionare \u2018Opzioni internet\u2019. Nella finestra pop up selezionare \u2018Privacy\u2019. Qui potrete regolare le impostazioni dei vostri cookies oppure tramite il link\u2028http:\/\/windows.microsoft.com\/en-us\/windows-vista\/block-or-allow-cookies<\/p>\n<p>Google Chrome\u2028: Cliccare la chiave inglese nell\u2019angolo in alto a destra e selezionare \u2018Impostazioni\u2019. A questo punto selezionare \u2018Mostra impostazioni avanzate\u2019 (\u201cUnder the hood\u2019\u201d) e cambiare le impostazioni della \u2018Privacy\u2019.\u2028Qui potrete regolare le impostazioni dei vostri cookies oppure tramite il link\u2028https:\/\/support.google.com\/chrome\/bin\/answer.py?hl=en&amp;answer=95647&amp;p=cpn\u2026<\/p>\n<p>Mozilla Firefox: \u2028Dal menu a tendina nell\u2019angolo in alto a sinistra selezionare \u2018Opzioni\u2019. Nella finestra di pop up selezionare \u2018Privacy\u2019. Qui potrete regolare le impostazioni dei vostri cookies, oppure tramite il link\u2028http:\/\/support.mozilla.org\/en-US\/kb\/Enabling%20and%20disabling%20cookies<\/p>\n<p>Apple Safari\u2028: Dal menu di impostazione a tendina nell\u2019angolo in alto a destra selezionare \u2018Preferenze\u2019. Selezionare \u2018Sicurezza\u2019. Qui potrete regolare le impostazioni dei vostri cookies oppure tramite il link\u2028http:\/\/docs.info.apple.com\/article.html?path=Safari\/5.0\/en\/9277.html<br \/>\nSe non si utilizza nessuno dei browser sopra elencati, seleziona \u201ccookie\u201d nella relativa sezione della guida per scoprire dove si trova la tua cartella dei cookie.<\/p>\n<p>Disabilitazione dei cookie Flash\u2028Fare clic sul collegamento qui di seguito per modificare le impostazioni relative ai cookie Flash.\u2028http:\/\/www.macromedia.com\/support\/documentation\/en\/flashplayer\/help\/sett\u2026<br \/>\nPer disabilitare i cookie analitici e per impedire a\u00a0Google Analytics\u00a0di raccogliere dati sulla navigazione, scaricare il Componente aggiuntivo del browser per la disattivazione di Google Analytics:\u2028https:\/\/tools.google.com\/dlpage\/gaoptout<\/p>\n<p><strong>\u2028F. Altre informazioni<\/strong><\/p>\n<p>Come evidenziato nella premessa di questa informativa, la Societ\u00e0 raccoglie e tratta alcuni tuoi dati personali attraverso i\u00a0 cookie che essa veicola direttamente sul Sito (cookie di prima parte). La Societ\u00e0 agisce in qualit\u00e0 di titolare del trattamento di questi dati, in conformit\u00e0 alle previsioni del la Normativa Applicabile. Tratteremo i tuoi dati solo con\u00a0 strumenti elettronici, in maniera totalmente automatizzata e senza intermediazione umana.\u2028Pertanto, i nostri dipendenti e collaboratori non accederanno mai al contenuto dei tuoi dati personali ottenuti attraverso i cookie.\u2028Alcuni dei nostri\u00a0 dipendenti e collaboratori, da noi nominati quali incaricati del trattamento, potrebbero effettuare degli interventi di manutenzione sui sistemi informatici che ospitano i tuoi dati, senza poter mai accedere al loro effettivo contenuto. I dati\u00a0 personali potrebbero essere memorizzati nei server gestiti da soggetti terzi (es. fornitori di sistemi informatici)\u00a0 o potrebbero essere gestiti da soggetti specializzati nella pubblicit\u00e0 online , che agiscono in qualit\u00e0 di responsabili esterni del\u00a0 trattamento sulla base di un\u2019apposita nomina per iscritto da parte della Societ\u00e0.\u2028Ti informiamo che, nel rispetto dei\u00a0 presupposti e delle garanzie stabilite dalla Normativa Applicabile, i tuoi dati potrebbero essere trasferiti in Paesi non\u00a0 appartenenti all\u2019Area Economica Europea, che potrebbero non offrire un livello di tutela della privacy e della protezione dei dati personali paragonabile a quello garantito dalle leggi italiane ed europee\u00a0 sulla privacy.\u00a0 I tuoi dati personali non\u00a0 saranno comunicati a terzi titolari del trattamento n\u00e9 saranno diffusi.<\/p>\n<p><strong>\u2028G. I tuoi diritti<\/strong><\/p>\n<p>Ai sensi della Normativa Applicabile, hai il diritto di ottenere in qualsiasi momento la conferma dell\u2019esistenza o meno di\u00a0 dati personali che ti riguardano e di conoscerne il contenuto e l\u2019origine, verificarne l\u2019esattezza o chiederne l\u2019integrazione o l\u2019aggiornamento, oppure la rettificazione. \u2028Hai, inoltre, il diritto di chiedere la cancellazione, la trasformazione in forma anonima o il blocco dei dati trattati in violazione di legge, nonch\u00e9 di opporti in ogni caso, per motivi legittimi, al loro trattamento. \u2028Infine, hai il diritto di ottenere una lista dei responsabili esterni del trattamento nominati dalla Societ\u00e0. \u2028Per esercitare i tuoi diritti, o per avere ogni altra informazione o chiarimento in merito a questa informativa, contatta la\u00a0 Societ\u00e0 via raccomanda a.r. all\u2019indirizzo StilItaly Lab, Via Correggio, 41 20149 Milano (MI) oppure via email fengshuiproject.9@gmail.com .<\/p>\n","protected":false},"excerpt":{"rendered":"<p>Cookie Policy (versione 1.0 del 24 Aprile 2018) Gentile Visitatore\/Visitatrice  [&#8230;]<\/p>\n","protected":false},"author":1,"featured_media":0,"parent":0,"menu_order":0,"comment_status":"closed","ping_status":"open","template":"","meta":{"_seopress_robots_primary_cat":"","_seopress_titles_title":"","_seopress_titles_desc":"","_seopress_robots_index":"","footnotes":""},"class_list":["post-2491","page","type-page","status-publish","hentry"],"_links":{"self":[{"href":"https:\/\/www.stilitalylab.it\/en\/wp-json\/wp\/v2\/pages\/2491","targetHints":{"allow":["GET"]}}],"collection":[{"href":"https:\/\/www.stilitalylab.it\/en\/wp-json\/wp\/v2\/pages"}],"about":[{"href":"https:\/\/www.stilitalylab.it\/en\/wp-json\/wp\/v2\/types\/page"}],"author":[{"embeddable":true,"href":"https:\/\/www.stilitalylab.it\/en\/wp-json\/wp\/v2\/users\/1"}],"replies":[{"embeddable":true,"href":"https:\/\/www.stilitalylab.it\/en\/wp-json\/wp\/v2\/comments?post=2491"}],"version-history":[{"count":1,"href":"https:\/\/www.stilitalylab.it\/en\/wp-json\/wp\/v2\/pages\/2491\/revisions"}],"predecessor-version":[{"id":2494,"href":"https:\/\/www.stilitalylab.it\/en\/wp-json\/wp\/v2\/pages\/2491\/revisions\/2494"}],"wp:attachment":[{"href":"https:\/\/www.stilitalylab.it\/en\/wp-json\/wp\/v2\/media?parent=2491"}],"curies":[{"name":"wp","href":"https:\/\/api.w.org\/{rel}","templated":true}]}}